{"id":21726,"date":"2021-11-03T01:33:37","date_gmt":"2021-11-03T01:33:37","guid":{"rendered":"https:\/\/mjoraolives.com\/blog-list\/"},"modified":"2021-11-03T01:33:37","modified_gmt":"2021-11-03T01:33:37","slug":"blog-list","status":"publish","type":"page","link":"https:\/\/mjoraolives.com\/en\/blog-list\/","title":{"rendered":"Blog"},"content":{"rendered":"\t\t<div data-elementor-type=\"wp-page\" data-elementor-id=\"21726\" class=\"elementor elementor-21726 elementor-247\">\n\t\t\t\t<div class=\"elementor-element elementor-element-57ba390 e-flex e-con-boxed e-con e-parent\" data-id=\"57ba390\" data-element_type=\"container\" data-e-type=\"container\">\n\t\t\t\t\t<div class=\"e-con-inner\">\n\t\t\t\t<div class=\"elementor-element elementor-element-a1db67e arrow-style-1 elementor-widget elementor-widget-xocora-post-grid\" data-id=\"a1db67e\" data-element_type=\"widget\" data-e-type=\"widget\" data-widget_type=\"xocora-post-grid.default\">\n\t\t\t\t<div class=\"elementor-widget-container\">\n\t\t\t\t\t        <div class=\"elementor-post-wrapper layout-post-style-1\">\n            <div class=\"row\" data-elementor-columns=\"3\" data-elementor-columns-tablet=\"2\" data-elementor-columns-mobile=\"1\">\n\n                <div class=\"column-item post-style-1\">\n    <div class=\"post-inner\">\n                    <div class=\"post-thumbnail\">\n                <img fetchpriority=\"high\" decoding=\"async\" width=\"820\" height=\"580\" src=\"https:\/\/mjoraolives.com\/wp-content\/uploads\/2021\/08\/olive-oil-in-a-glass-bottle-2025-scaled-1-820x580.jpg\" class=\"attachment-xocora-post-grid size-xocora-post-grid wp-post-image\" alt=\"\" \/>            <\/div>\n                <div class=\"entry-header header-style\">\n            <div class=\"entry-meta\">\n                  <span class=\"posted-on\"><a href=\"https:\/\/mjoraolives.com\/en\/the-benefits-of-olive-oil-the-golden-miracle-on-your-table\/\" rel=\"bookmark\">30 April 2025<\/a><\/span>            <\/div>\n            <h2 class=\"entry-title\"><a href=\"https:\/\/mjoraolives.com\/en\/the-benefits-of-olive-oil-the-golden-miracle-on-your-table\/\" rel=\"bookmark\">The Benefits of Olive Oil: The Golden Miracle on Your Table!<\/a><\/h2>            <div class=\"entry-content\">\n                <p>Olive oil is not just a kitchen ingredient\u2014it is a natural miracle that has been used as a source of&hellip;<\/p>\n            <\/div>\n            <a class=\"button-more-link\" href=\"https:\/\/mjoraolives.com\/en\/the-benefits-of-olive-oil-the-golden-miracle-on-your-table\/\"><i class=\"xocora-icon-theme-arrow-right\"><\/i><\/a>\n        <\/div>\n    <\/div>\n<\/div>\n<div class=\"column-item post-style-1\">\n    <div class=\"post-inner\">\n                    <div class=\"post-thumbnail\">\n                <img decoding=\"async\" width=\"820\" height=\"580\" src=\"https:\/\/mjoraolives.com\/wp-content\/uploads\/2021\/08\/2-1-820x580.jpg\" class=\"attachment-xocora-post-grid size-xocora-post-grid wp-post-image\" alt=\"\" \/>            <\/div>\n                <div class=\"entry-header header-style\">\n            <div class=\"entry-meta\">\n                  <span class=\"posted-on\"><a href=\"https:\/\/mjoraolives.com\/en\/what-are-the-different-types-of-olives\/\" rel=\"bookmark\">29 April 2025<\/a><\/span>            <\/div>\n            <h2 class=\"entry-title\"><a href=\"https:\/\/mjoraolives.com\/en\/what-are-the-different-types-of-olives\/\" rel=\"bookmark\">What Are the Different Types of Olives?<\/a><\/h2>            <div class=\"entry-content\">\n                <p>Olives are one of the most precious fruits of the Mediterranean climate and have adorned our tables for thousands of&hellip;<\/p>\n            <\/div>\n            <a class=\"button-more-link\" href=\"https:\/\/mjoraolives.com\/en\/what-are-the-different-types-of-olives\/\"><i class=\"xocora-icon-theme-arrow-right\"><\/i><\/a>\n        <\/div>\n    <\/div>\n<\/div>\n<div class=\"column-item post-style-1\">\n    <div class=\"post-inner\">\n                    <div class=\"post-thumbnail\">\n                <img decoding=\"async\" width=\"820\" height=\"580\" src=\"https:\/\/mjoraolives.com\/wp-content\/uploads\/2021\/08\/1-1-820x580.jpg\" class=\"attachment-xocora-post-grid size-xocora-post-grid wp-post-image\" alt=\"\" \/>            <\/div>\n                <div class=\"entry-header header-style\">\n            <div class=\"entry-meta\">\n                  <span class=\"posted-on\"><a href=\"https:\/\/mjoraolives.com\/en\/what-is-a-polyphenol\/\" rel=\"bookmark\">28 April 2025<\/a><\/span>            <\/div>\n            <h2 class=\"entry-title\"><a href=\"https:\/\/mjoraolives.com\/en\/what-is-a-polyphenol\/\" rel=\"bookmark\">What is a Polyphenol?<\/a><\/h2>            <div class=\"entry-content\">\n                <p>WHAT ARE POLYPHENOLS? WHAT ARE THE BENEFITS OF POLYPHENOLS? When researching healthy eating and natural foods in daily life, you&hellip;<\/p>\n            <\/div>\n            <a class=\"button-more-link\" href=\"https:\/\/mjoraolives.com\/en\/what-is-a-polyphenol\/\"><i class=\"xocora-icon-theme-arrow-right\"><\/i><\/a>\n        <\/div>\n    <\/div>\n<\/div>\n<div class=\"column-item post-style-1\">\n    <div class=\"post-inner\">\n                    <div class=\"post-thumbnail\">\n                <img loading=\"lazy\" decoding=\"async\" width=\"820\" height=\"580\" src=\"https:\/\/mjoraolives.com\/wp-content\/uploads\/2025\/04\/olives-and-olive-oil-2025-02-22-scaled-1-820x580.jpg\" class=\"attachment-xocora-post-grid size-xocora-post-grid wp-post-image\" alt=\"\" \/>            <\/div>\n                <div class=\"entry-header header-style\">\n            <div class=\"entry-meta\">\n                  <span class=\"posted-on\"><a href=\"https:\/\/mjoraolives.com\/en\/what-is-acid-or-acidity-in-olive-oil\/\" rel=\"bookmark\">27 April 2025<\/a><\/span>            <\/div>\n            <h2 class=\"entry-title\"><a href=\"https:\/\/mjoraolives.com\/en\/what-is-acid-or-acidity-in-olive-oil\/\" rel=\"bookmark\">What is Acid or Acidity in Olive Oil?<\/a><\/h2>            <div class=\"entry-content\">\n                <p>When buying olive oil, you often come across the terms \u201cacid level\u201d or \u201cacidity.\u201d But what do these terms mean,&hellip;<\/p>\n            <\/div>\n            <a class=\"button-more-link\" href=\"https:\/\/mjoraolives.com\/en\/what-is-acid-or-acidity-in-olive-oil\/\"><i class=\"xocora-icon-theme-arrow-right\"><\/i><\/a>\n        <\/div>\n    <\/div>\n<\/div>\n<div class=\"column-item post-style-1\">\n    <div class=\"post-inner\">\n                    <div class=\"post-thumbnail\">\n                <img loading=\"lazy\" decoding=\"async\" width=\"800\" height=\"538\" src=\"https:\/\/mjoraolives.com\/wp-content\/uploads\/2025\/04\/Adsiz-646-x-600-piksel-646-x-538-piksel-1-1.jpg\" class=\"attachment-xocora-post-grid size-xocora-post-grid wp-post-image\" alt=\"\" srcset=\"https:\/\/mjoraolives.com\/wp-content\/uploads\/2025\/04\/Adsiz-646-x-600-piksel-646-x-538-piksel-1-1.jpg 800w, https:\/\/mjoraolives.com\/wp-content\/uploads\/2025\/04\/Adsiz-646-x-600-piksel-646-x-538-piksel-1-1-300x202.jpg 300w, https:\/\/mjoraolives.com\/wp-content\/uploads\/2025\/04\/Adsiz-646-x-600-piksel-646-x-538-piksel-1-1-768x516.jpg 768w, https:\/\/mjoraolives.com\/wp-content\/uploads\/2025\/04\/Adsiz-646-x-600-piksel-646-x-538-piksel-1-1-630x424.jpg 630w, https:\/\/mjoraolives.com\/wp-content\/uploads\/2025\/04\/Adsiz-646-x-600-piksel-646-x-538-piksel-1-1-450x303.jpg 450w\" sizes=\"(max-width: 800px) 100vw, 800px\" \/>            <\/div>\n                <div class=\"entry-header header-style\">\n            <div class=\"entry-meta\">\n                  <span class=\"posted-on\"><a href=\"https:\/\/mjoraolives.com\/en\/what-is-the-mediterranean-diet\/\" rel=\"bookmark\">26 April 2025<\/a><\/span>            <\/div>\n            <h2 class=\"entry-title\"><a href=\"https:\/\/mjoraolives.com\/en\/what-is-the-mediterranean-diet\/\" rel=\"bookmark\">What is the Mediterranean Diet?<\/a><\/h2>            <div class=\"entry-content\">\n                <p>What Is the Mediterranean Diet? What Are Its Health Benefits? One of the most natural ways of maintaining a balanced&hellip;<\/p>\n            <\/div>\n            <a class=\"button-more-link\" href=\"https:\/\/mjoraolives.com\/en\/what-is-the-mediterranean-diet\/\"><i class=\"xocora-icon-theme-arrow-right\"><\/i><\/a>\n        <\/div>\n    <\/div>\n<\/div>\n<div class=\"column-item post-style-1\">\n    <div class=\"post-inner\">\n                    <div class=\"post-thumbnail\">\n                <img loading=\"lazy\" decoding=\"async\" width=\"800\" height=\"538\" src=\"https:\/\/mjoraolives.com\/wp-content\/uploads\/2025\/04\/Adsiz-646-x-600-piksel-646-x-538-piksel-3.jpg\" class=\"attachment-xocora-post-grid size-xocora-post-grid wp-post-image\" alt=\"\" srcset=\"https:\/\/mjoraolives.com\/wp-content\/uploads\/2025\/04\/Adsiz-646-x-600-piksel-646-x-538-piksel-3.jpg 800w, https:\/\/mjoraolives.com\/wp-content\/uploads\/2025\/04\/Adsiz-646-x-600-piksel-646-x-538-piksel-3-300x202.jpg 300w, https:\/\/mjoraolives.com\/wp-content\/uploads\/2025\/04\/Adsiz-646-x-600-piksel-646-x-538-piksel-3-768x516.jpg 768w, https:\/\/mjoraolives.com\/wp-content\/uploads\/2025\/04\/Adsiz-646-x-600-piksel-646-x-538-piksel-3-630x424.jpg 630w, https:\/\/mjoraolives.com\/wp-content\/uploads\/2025\/04\/Adsiz-646-x-600-piksel-646-x-538-piksel-3-450x303.jpg 450w\" sizes=\"(max-width: 800px) 100vw, 800px\" \/>            <\/div>\n                <div class=\"entry-header header-style\">\n            <div class=\"entry-meta\">\n                  <span class=\"posted-on\"><a href=\"https:\/\/mjoraolives.com\/en\/what-is-the-fodmap-diet\/\" rel=\"bookmark\">25 April 2025<\/a><\/span>            <\/div>\n            <h2 class=\"entry-title\"><a href=\"https:\/\/mjoraolives.com\/en\/what-is-the-fodmap-diet\/\" rel=\"bookmark\">What is the FODMAP Diet?<\/a><\/h2>            <div class=\"entry-content\">\n                <p>What Is the FODMAP Diet? How Does It Support Your Digestive System? In recent years, the FODMAP diet has become&hellip;<\/p>\n            <\/div>\n            <a class=\"button-more-link\" href=\"https:\/\/mjoraolives.com\/en\/what-is-the-fodmap-diet\/\"><i class=\"xocora-icon-theme-arrow-right\"><\/i><\/a>\n        <\/div>\n    <\/div>\n<\/div>\n<div class=\"column-item post-style-1\">\n    <div class=\"post-inner\">\n                    <div class=\"post-thumbnail\">\n                <img fetchpriority=\"high\" decoding=\"async\" width=\"820\" height=\"580\" src=\"https:\/\/mjoraolives.com\/wp-content\/uploads\/2021\/08\/olive-oil-in-a-glass-bottle-2025-scaled-1-820x580.jpg\" class=\"attachment-xocora-post-grid size-xocora-post-grid wp-post-image\" alt=\"\" \/>            <\/div>\n                <div class=\"entry-header header-style\">\n            <div class=\"entry-meta\">\n                  <span class=\"posted-on\"><a href=\"https:\/\/mjoraolives.com\/en\/olive-oil-and-children\/\" rel=\"bookmark\">24 April 2025<\/a><\/span>            <\/div>\n            <h2 class=\"entry-title\"><a href=\"https:\/\/mjoraolives.com\/en\/olive-oil-and-children\/\" rel=\"bookmark\">Olive Oil and Children<\/a><\/h2>            <div class=\"entry-content\">\n                <p>For parents, ensuring their children eat healthily is always a top priority. With its healthy fats, vitamins, and antioxidants, olive&hellip;<\/p>\n            <\/div>\n            <a class=\"button-more-link\" href=\"https:\/\/mjoraolives.com\/en\/olive-oil-and-children\/\"><i class=\"xocora-icon-theme-arrow-right\"><\/i><\/a>\n        <\/div>\n    <\/div>\n<\/div>\n<div class=\"column-item post-style-1\">\n    <div class=\"post-inner\">\n                    <div class=\"post-thumbnail\">\n                <img loading=\"lazy\" decoding=\"async\" width=\"820\" height=\"580\" src=\"https:\/\/mjoraolives.com\/wp-content\/uploads\/2025\/04\/Adsiz-tasarim-2025-04-28T121625.838-820x580.jpg\" class=\"attachment-xocora-post-grid size-xocora-post-grid wp-post-image\" alt=\"\" \/>            <\/div>\n                <div class=\"entry-header header-style\">\n            <div class=\"entry-meta\">\n                  <span class=\"posted-on\"><a href=\"https:\/\/mjoraolives.com\/en\/what-is-first-harvest-olive-oil\/\" rel=\"bookmark\">23 April 2025<\/a><\/span>            <\/div>\n            <h2 class=\"entry-title\"><a href=\"https:\/\/mjoraolives.com\/en\/what-is-first-harvest-olive-oil\/\" rel=\"bookmark\">What is First Harvest Olive Oil?<\/a><\/h2>            <div class=\"entry-content\">\n                <p>What Are First Harvest, Early Harvest, and Mature Harvest Olive Oils? What Are Their Differences? When buying olive oil, some&hellip;<\/p>\n            <\/div>\n            <a class=\"button-more-link\" href=\"https:\/\/mjoraolives.com\/en\/what-is-first-harvest-olive-oil\/\"><i class=\"xocora-icon-theme-arrow-right\"><\/i><\/a>\n        <\/div>\n    <\/div>\n<\/div>\n<div class=\"column-item post-style-1\">\n    <div class=\"post-inner\">\n                    <div class=\"post-thumbnail\">\n                <img loading=\"lazy\" decoding=\"async\" width=\"820\" height=\"580\" src=\"https:\/\/mjoraolives.com\/wp-content\/uploads\/2025\/04\/top-view-organic-olives-spoon-min-1-scaled-1-820x580.jpg\" class=\"attachment-xocora-post-grid size-xocora-post-grid wp-post-image\" alt=\"\" \/>            <\/div>\n                <div class=\"entry-header header-style\">\n            <div class=\"entry-meta\">\n                  <span class=\"posted-on\"><a href=\"https:\/\/mjoraolives.com\/en\/the-history-of-the-olive-tree\/\" rel=\"bookmark\">22 April 2025<\/a><\/span>            <\/div>\n            <h2 class=\"entry-title\"><a href=\"https:\/\/mjoraolives.com\/en\/the-history-of-the-olive-tree\/\" rel=\"bookmark\">The History of the Olive Tree<\/a><\/h2>            <div class=\"entry-content\">\n                <p>The History of the Olive Tree: The Story of Millennia of Abundance The olive tree has a history as old&hellip;<\/p>\n            <\/div>\n            <a class=\"button-more-link\" href=\"https:\/\/mjoraolives.com\/en\/the-history-of-the-olive-tree\/\"><i class=\"xocora-icon-theme-arrow-right\"><\/i><\/a>\n        <\/div>\n    <\/div>\n<\/div>\n<div class=\"column-item post-style-1\">\n    <div class=\"post-inner\">\n                    <div class=\"post-thumbnail\">\n                <img loading=\"lazy\" decoding=\"async\" width=\"800\" height=\"538\" src=\"https:\/\/mjoraolives.com\/wp-content\/uploads\/2025\/04\/Adsiz-646-x-600-piksel-646-x-538-piksel-5.jpg\" class=\"attachment-xocora-post-grid size-xocora-post-grid wp-post-image\" alt=\"\" srcset=\"https:\/\/mjoraolives.com\/wp-content\/uploads\/2025\/04\/Adsiz-646-x-600-piksel-646-x-538-piksel-5.jpg 800w, https:\/\/mjoraolives.com\/wp-content\/uploads\/2025\/04\/Adsiz-646-x-600-piksel-646-x-538-piksel-5-300x202.jpg 300w, https:\/\/mjoraolives.com\/wp-content\/uploads\/2025\/04\/Adsiz-646-x-600-piksel-646-x-538-piksel-5-768x516.jpg 768w, https:\/\/mjoraolives.com\/wp-content\/uploads\/2025\/04\/Adsiz-646-x-600-piksel-646-x-538-piksel-5-630x424.jpg 630w, https:\/\/mjoraolives.com\/wp-content\/uploads\/2025\/04\/Adsiz-646-x-600-piksel-646-x-538-piksel-5-450x303.jpg 450w\" sizes=\"(max-width: 800px) 100vw, 800px\" \/>            <\/div>\n                <div class=\"entry-header header-style\">\n            <div class=\"entry-meta\">\n                  <span class=\"posted-on\"><a href=\"https:\/\/mjoraolives.com\/en\/the-place-of-olive-oil-in-mythology-the-sacred-gift-of-the-gods\/\" rel=\"bookmark\">21 April 2025<\/a><\/span>            <\/div>\n            <h2 class=\"entry-title\"><a href=\"https:\/\/mjoraolives.com\/en\/the-place-of-olive-oil-in-mythology-the-sacred-gift-of-the-gods\/\" rel=\"bookmark\">The Place of Olive Oil in Mythology: The Sacred Gift of the Gods<\/a><\/h2>            <div class=\"entry-content\">\n                <p>The Olive Tree and Olive Oil: One of Humanity\u2019s Oldest and Most Valuable Natural Heritages The olive tree and olive&hellip;<\/p>\n            <\/div>\n            <a class=\"button-more-link\" href=\"https:\/\/mjoraolives.com\/en\/the-place-of-olive-oil-in-mythology-the-sacred-gift-of-the-gods\/\"><i class=\"xocora-icon-theme-arrow-right\"><\/i><\/a>\n        <\/div>\n    <\/div>\n<\/div>\n<div class=\"column-item post-style-1\">\n    <div class=\"post-inner\">\n                    <div class=\"post-thumbnail\">\n                <img loading=\"lazy\" decoding=\"async\" width=\"820\" height=\"580\" src=\"https:\/\/mjoraolives.com\/wp-content\/uploads\/2025\/04\/midsection-person-with-fruits-market-1-820x580.jpg\" class=\"attachment-xocora-post-grid size-xocora-post-grid wp-post-image\" alt=\"\" \/>            <\/div>\n                <div class=\"entry-header header-style\">\n            <div class=\"entry-meta\">\n                  <span class=\"posted-on\"><a href=\"https:\/\/mjoraolives.com\/en\/the-history-of-olive-growing-a-legacy-of-thousands-of-years\/\" rel=\"bookmark\">20 April 2025<\/a><\/span>            <\/div>\n            <h2 class=\"entry-title\"><a href=\"https:\/\/mjoraolives.com\/en\/the-history-of-olive-growing-a-legacy-of-thousands-of-years\/\" rel=\"bookmark\">The History of Olive Growing: A Legacy of Thousands of Years<\/a><\/h2>            <div class=\"entry-content\">\n                <p>Olive cultivation is one of the oldest agricultural practices in human history and has been a tradition for thousands of&hellip;<\/p>\n            <\/div>\n            <a class=\"button-more-link\" href=\"https:\/\/mjoraolives.com\/en\/the-history-of-olive-growing-a-legacy-of-thousands-of-years\/\"><i class=\"xocora-icon-theme-arrow-right\"><\/i><\/a>\n        <\/div>\n    <\/div>\n<\/div>\n<div class=\"column-item post-style-1\">\n    <div class=\"post-inner\">\n                    <div class=\"post-thumbnail\">\n                <img loading=\"lazy\" decoding=\"async\" width=\"820\" height=\"580\" src=\"https:\/\/mjoraolives.com\/wp-content\/uploads\/2025\/04\/7-820x580.jpg\" class=\"attachment-xocora-post-grid size-xocora-post-grid wp-post-image\" alt=\"\" \/>            <\/div>\n                <div class=\"entry-header header-style\">\n            <div class=\"entry-meta\">\n                  <span class=\"posted-on\"><a href=\"https:\/\/mjoraolives.com\/en\/the-history-of-olive-growing-a-legacy-of-thousands-of-years-2\/\" rel=\"bookmark\">20 April 2025<\/a><\/span>            <\/div>\n            <h2 class=\"entry-title\"><a href=\"https:\/\/mjoraolives.com\/en\/the-history-of-olive-growing-a-legacy-of-thousands-of-years-2\/\" rel=\"bookmark\">The History of Olive Growing: A Legacy of Thousands of Years<\/a><\/h2>            <div class=\"entry-content\">\n                <p>The Place and Importance of the Olive Tree in Mythology and History The olive tree is not only a source&hellip;<\/p>\n            <\/div>\n            <a class=\"button-more-link\" href=\"https:\/\/mjoraolives.com\/en\/the-history-of-olive-growing-a-legacy-of-thousands-of-years-2\/\"><i class=\"xocora-icon-theme-arrow-right\"><\/i><\/a>\n        <\/div>\n    <\/div>\n<\/div>\n            <\/div>\n\n                            <div class=\"pagination\">\n                            <div class=\"pagination\">\n            <nav class=\"elementor-pagination\" role=\"navigation\"\n                 aria-label=\"Pagination\">\n                <span class=\"page-numbers prev\">&laquo; \u00d6nceki<\/span>\n<span aria-current=\"page\" class=\"page-numbers current\"><span class=\"elementor-screen-only\">Page<\/span>1<\/span>\n<a class=\"page-numbers\" href=\"https:\/\/mjoraolives.com\/en\/wp-json\/wp\/v2\/pages\/21726\/page\/2\/\"><span class=\"elementor-screen-only\">Page<\/span>2<\/a>\n<a class=\"page-numbers next\" href=\"https:\/\/mjoraolives.com\/en\/wp-json\/wp\/v2\/pages\/21726\/page\/2\/\">Sonraki &raquo;<\/a>            <\/nav>\n        <\/div>\n                        <\/div>\n                    <\/div>\n        \t\t\t\t<\/div>\n\t\t\t\t<\/div>\n\t\t\t\t\t<\/div>\n\t\t\t\t<\/div>\n\t\t\t\t<\/div>\n\t\t","protected":false},"excerpt":{"rendered":"<p>Nisan 30, 2025 Zeytinya\u011f\u0131n\u0131n Faydalar\u0131 Nelerdir? Sofran\u0131zdaki Alt\u0131n De\u011ferindeki Mucize! Ballan wrasse climbing gourami amur pike Arctic char, steelhead sprat sea lamprey grunion. Walleye poolfish sand goby butterfly ray stream&hellip; Nisan 29, 2025 Zeytin \u00c7e\u015fitleri Nelerdir? Ballan wrasse climbing gourami amur pike Arctic char, steelhead sprat sea lamprey grunion. Walleye poolfish sand goby butterfly ray [&hellip;]<\/p>\n","protected":false},"author":1,"featured_media":21203,"parent":0,"menu_order":0,"comment_status":"closed","ping_status":"closed","template":"","meta":{"footnotes":""},"class_list":["post-21726","page","type-page","status-publish","has-post-thumbnail","hentry"],"_links":{"self":[{"href":"https:\/\/mjoraolives.com\/en\/wp-json\/wp\/v2\/pages\/21726","targetHints":{"allow":["GET"]}}],"collection":[{"href":"https:\/\/mjoraolives.com\/en\/wp-json\/wp\/v2\/pages"}],"about":[{"href":"https:\/\/mjoraolives.com\/en\/wp-json\/wp\/v2\/types\/page"}],"author":[{"embeddable":true,"href":"https:\/\/mjoraolives.com\/en\/wp-json\/wp\/v2\/users\/1"}],"replies":[{"embeddable":true,"href":"https:\/\/mjoraolives.com\/en\/wp-json\/wp\/v2\/comments?post=21726"}],"version-history":[{"count":0,"href":"https:\/\/mjoraolives.com\/en\/wp-json\/wp\/v2\/pages\/21726\/revisions"}],"wp:featuredmedia":[{"embeddable":true,"href":"https:\/\/mjoraolives.com\/en\/wp-json\/wp\/v2\/media\/21203"}],"wp:attachment":[{"href":"https:\/\/mjoraolives.com\/en\/wp-json\/wp\/v2\/media?parent=21726"}],"curies":[{"name":"wp","href":"https:\/\/api.w.org\/{rel}","templated":true}]}}